{"id":2,"date":"2025-01-22T15:42:08","date_gmt":"2025-01-22T14:42:08","guid":{"rendered":"https:\/\/framsyn.bibliotekvarmland.com\/?page_id=2"},"modified":"2025-02-06T11:53:29","modified_gmt":"2025-02-06T10:53:29","slug":"exempelsida","status":"publish","type":"page","link":"https:\/\/framsyn.bibliotekvarmland.com\/","title":{"rendered":"Exempelsida"},"content":{"rendered":"\n<p><strong>V\u00e4lkommen till Bibliotek V\u00e4rmlands\u00a0 Framtidsl\u00e5da <\/strong>\u2013 ett l\u00e4ttanv\u00e4nt och lustfyllt st\u00f6d f\u00f6r framsynthet, innovation och verksamhetsutveckling! Framtidsl\u00e5dan \u00e4r indelad i tre omr\u00e5den:<\/p>\n\n\n\n<p>\u2022Utveckla<br>\u2022Inspirera<br>\u2022Spana<\/p>\n\n\n\n<p>I varje omr\u00e5de finns verktyg, metoder och aktiviteter att anv\u00e4nda och ta del av i din organisation. Framtidsl\u00e5dan kan\/b\u00f6r anv\u00e4ndas f\u00f6r att \u00f6ka f\u00f6rm\u00e5gan att vara framsynta och att identifiera framtidsomr\u00e5den att utforska vidare.<\/p>\n\n\n\n<p>Framtidsl\u00e5dan \u00e4r en av tre delar i Bibliotek V\u00e4rmlands Framsynsmodell.<\/p>\n\n\n\n<p>Obs! Precis som framtiden sj\u00e4lv \u00e4r Framtidsl\u00e5dan under st\u00e4ndig utveckling.<\/p>\n","protected":false},"excerpt":{"rendered":"<p>V\u00e4lkommen till Bibliotek V\u00e4rmlands\u00a0 Framtidsl\u00e5da \u2013 ett l\u00e4ttanv\u00e4nt och lustfyllt st\u00f6d f\u00f6r framsynthet, innovation och verksamhetsutveckling! Framtidsl\u00e5dan \u00e4r indelad i tre omr\u00e5den: \u2022Utveckla\u2022Inspirera\u2022Spana I varje omr\u00e5de finns verktyg, metoder och aktiviteter att anv\u00e4nda och ta del av i din organisation. Framtidsl\u00e5dan kan\/b\u00f6r anv\u00e4ndas f\u00f6r att \u00f6ka f\u00f6rm\u00e5gan att vara framsynta och att identifiera framtidsomr\u00e5den att [&hellip;]<\/p>\n","protected":false},"author":1,"featured_media":11,"parent":0,"menu_order":0,"comment_status":"closed","ping_status":"open","template":"","meta":{"_acf_changed":false,"footnotes":""},"class_list":["post-2","page","type-page","status-publish","has-post-thumbnail","hentry"],"acf":[],"ACF":false,"_links":{"self":[{"href":"https:\/\/framsyn.bibliotekvarmland.com\/index.php?rest_route=\/wp\/v2\/pages\/2","targetHints":{"allow":["GET"]}}],"collection":[{"href":"https:\/\/framsyn.bibliotekvarmland.com\/index.php?rest_route=\/wp\/v2\/pages"}],"about":[{"href":"https:\/\/framsyn.bibliotekvarmland.com\/index.php?rest_route=\/wp\/v2\/types\/page"}],"author":[{"embeddable":true,"href":"https:\/\/framsyn.bibliotekvarmland.com\/index.php?rest_route=\/wp\/v2\/users\/1"}],"replies":[{"embeddable":true,"href":"https:\/\/framsyn.bibliotekvarmland.com\/index.php?rest_route=%2Fwp%2Fv2%2Fcomments&post=2"}],"version-history":[{"count":5,"href":"https:\/\/framsyn.bibliotekvarmland.com\/index.php?rest_route=\/wp\/v2\/pages\/2\/revisions"}],"predecessor-version":[{"id":22,"href":"https:\/\/framsyn.bibliotekvarmland.com\/index.php?rest_route=\/wp\/v2\/pages\/2\/revisions\/22"}],"wp:featuredmedia":[{"embeddable":true,"href":"https:\/\/framsyn.bibliotekvarmland.com\/index.php?rest_route=\/wp\/v2\/media\/11"}],"wp:attachment":[{"href":"https:\/\/framsyn.bibliotekvarmland.com\/index.php?rest_route=%2Fwp%2Fv2%2Fmedia&parent=2"}],"curies":[{"name":"wp","href":"https:\/\/api.w.org\/{rel}","templated":true}]}}